{"id":8877,"date":"2024-10-01T05:42:01","date_gmt":"2024-10-01T05:42:01","guid":{"rendered":"https:\/\/anabolicshop.eu\/?post_type=product&#038;p=8877"},"modified":"2026-02-13T13:30:39","modified_gmt":"2026-02-13T13:30:39","slug":"power-system-fitness-yoga-mat-fitnesa-paklajs","status":"publish","type":"product","link":"https:\/\/anabolicshop.eu\/ru\/product\/power-system-fitness-yoga-mat-fitnesa-paklajs\/","title":{"rendered":"Power System Fitness Yoga Mat fitnesa pakl\u0101js"},"content":{"rendered":"<h3>Power System Fitness Yoga Mat fitnesa pakl\u0101js<\/h3>\n<p>\u2022 Liel\u0101ks, biez\u0101ks, \u0113rt\u0101ka izm\u0113ra jogas pakl\u0101js ar vieglu un labu sa\u0137eri. Vair\u0101kas kr\u0101sas, no kur\u0101m izv\u0113l\u0113ties, lai atbilstu j\u016bsu garast\u0101voklim.<br \/>\n\u2022 Liela v\u0113rt\u012bba ar lielisku sniegumu &#8211; \u0113rta kop\u0161ana &#8211; \u0113rta p\u0101rn\u0113s\u0101\u0161ana &#8211; \u0161is jogas pakl\u0101js nav toksisks un ir videi draudz\u012bgs.<br \/>\n\u2022 \u0160ie iztur\u012bgie, tom\u0113r vieglie jogas pakl\u0101ji ir \u012bpa\u0161i biezi, lai papildus amortiz\u0113tu j\u016bsu loc\u012btavas jebkuras jogas nodarb\u012bbas vai fitnesa laik\u0101.<br \/>\n\u2022 Jogas pakl\u0101js ir att\u0113lots klasisk\u0101s kr\u0101s\u0101s ar tekstur\u0113tu nesl\u012bdo\u0161u virsmu, kas nodro\u0161ina izcilu vilkmi un izcilu sa\u0137eri ar visiem jogas veidiem<br \/>\n\u2022 \u0160is iztur\u012bgais pakl\u0101js paliks nepiespiests sare\u017e\u0123\u012bt\u0101ku vai ener\u0123isk\u0101ku treni\u0146u sesiju laik\u0101<br \/>\n\u2022 Elast\u012bgais PVC materi\u0101ls var iztur\u0113t m\u0113renus un intens\u012bvus treni\u0146us.\u00a0Jogas pakl\u0101ji ar tekst\u016bru viegli pie\u0137ersies j\u016bsu gr\u012bd\u0101m, tos nesaboj\u0101jot.\u00a0Stingr\u0101 sa\u0137ere ne\u013caus jogas pakl\u0101jam sl\u012bd\u0113t<br \/>\n\u2022 Neatkar\u012bgi no t\u0101, vai baud\u0101t jogu, pilates vai sp\u0113ka treni\u0146us.<br \/>\n\u2022 AUGSTA bl\u012bvuma putas: augsta bl\u012bvuma polster\u0113tais pakl\u0101js pasarg\u0101s ce\u013cus, elko\u0146us un p\u0113das no ciet\u0101m gr\u012bd\u0101m, vienlaikus aizsarg\u0101jot zem jums eso\u0161o gr\u012bdu.<\/p>\n<p>Izm\u0113ri:\u00a0173 cm x 61 cm<br \/>\nBiezums:\u00a00,6 cm<\/p>","protected":false},"excerpt":{"rendered":"<p>Power System Fitness Yoga Mat fitnesa pakl\u0101js \u2022 Liel\u0101ks, biez\u0101ks, \u0113rt\u0101ka izm\u0113ra jogas pakl\u0101js ar vieglu un labu sa\u0137eri. Vair\u0101kas kr\u0101sas, no kur\u0101m izv\u0113l\u0113ties, lai atbilstu j\u016bsu garast\u0101voklim. \u2022 Liela v\u0113rt\u012bba ar lielisku sniegumu &#8211; \u0113rta kop\u0161ana &#8211; \u0113rta p\u0101rn\u0113s\u0101\u0161ana &#8211; \u0161is jogas pakl\u0101js nav toksisks un ir videi draudz\u012bgs. \u2022 \u0160ie iztur\u012bgie, tom\u0113r vieglie [&hellip;]<\/p>","protected":false},"featured_media":8907,"template":"","meta":{"inline_featured_image":false},"pwb-brand":[1984],"product_cat":[104,105],"product_tag":[],"class_list":{"0":"post-8877","1":"product","2":"type-product","3":"status-publish","4":"has-post-thumbnail","6":"pwb-brand-power-system","7":"product_cat-aksesuari","8":"product_cat-fitnesa-paklaji","10":"first","11":"outofstock","12":"taxable","13":"shipping-taxable","14":"product-type-variable"},"brands":[{"id":1984,"name":"Power System","slug":"power-system"}],"_links":{"self":[{"href":"https:\/\/anabolicshop.eu\/ru\/wp-json\/wp\/v2\/product\/8877","targetHints":{"allow":["GET"]}}],"collection":[{"href":"https:\/\/anabolicshop.eu\/ru\/wp-json\/wp\/v2\/product"}],"about":[{"href":"https:\/\/anabolicshop.eu\/ru\/wp-json\/wp\/v2\/types\/product"}],"wp:featuredmedia":[{"embeddable":true,"href":"https:\/\/anabolicshop.eu\/ru\/wp-json\/wp\/v2\/media\/8907"}],"wp:attachment":[{"href":"https:\/\/anabolicshop.eu\/ru\/wp-json\/wp\/v2\/media?parent=8877"}],"wp:term":[{"taxonomy":"pwb-brand","embeddable":true,"href":"https:\/\/anabolicshop.eu\/ru\/wp-json\/wp\/v2\/pwb-brand?post=8877"},{"taxonomy":"product_cat","embeddable":true,"href":"https:\/\/anabolicshop.eu\/ru\/wp-json\/wp\/v2\/product_cat?post=8877"},{"taxonomy":"product_tag","embeddable":true,"href":"https:\/\/anabolicshop.eu\/ru\/wp-json\/wp\/v2\/product_tag?post=8877"}],"curies":[{"name":"wp","href":"https:\/\/api.w.org\/{rel}","templated":true}]}}