{"id":9696,"date":"2024-10-01T05:46:32","date_gmt":"2024-10-01T05:46:32","guid":{"rendered":"https:\/\/anabolicshop.eu\/?post_type=product&#038;p=9696"},"modified":"2025-02-10T12:32:49","modified_gmt":"2025-02-10T12:32:49","slug":"anabolicshop-eu-davanu-karte-70-eur","status":"publish","type":"product","link":"https:\/\/anabolicshop.eu\/en\/product\/anabolicshop-eu-davanu-karte-70-eur\/","title":{"rendered":"AnabolicShop.EU D\u0101vanu Karte 70 EUR"},"content":{"rendered":"<p>Nevari izdom\u0101t ko d\u0101vin\u0101t sv\u0113tkos? Izv\u0113lies d\u0101vanu karti no AnabolicShop.EU. D\u0101vanu karti var\u0113s izt\u0113r\u0113t izv\u0113loties jebkuru preci vai preces\u00a0 no m\u016bsu interneta veikala.<\/p>\n<p>Iesp\u0113ja izv\u0113l\u0113ties k\u0101du jau no fiks\u0113taj\u0101m summ\u0101m, vai sazinoties ar mums, vari izv\u0113l\u0113ties sev t\u012bkamu summu.<\/p>\n<p>D\u0101vanu karti sa\u0146emsi elektroniski e-past\u0101.<\/p>","protected":false},"excerpt":{"rendered":"<p>Nevari izdom\u0101t ko d\u0101vin\u0101t sv\u0113tkos? Izv\u0113lies d\u0101vanu karti no AnabolicShop.EU. D\u0101vanu karti var\u0113s izt\u0113r\u0113t izv\u0113loties jebkuru preci vai preces\u00a0 no m\u016bsu interneta veikala. Iesp\u0113ja izv\u0113l\u0113ties k\u0101du jau no fiks\u0113taj\u0101m summ\u0101m, vai sazinoties ar mums, vari izv\u0113l\u0113ties sev t\u012bkamu summu. D\u0101vanu karti sa\u0146emsi elektroniski e-past\u0101.<\/p>","protected":false},"featured_media":9723,"template":"","meta":{"inline_featured_image":false},"pwb-brand":[1993],"product_cat":[62],"product_tag":[],"class_list":{"0":"post-9696","1":"product","2":"type-product","3":"status-publish","4":"has-post-thumbnail","6":"pwb-brand-utx","7":"product_cat-davanu-kartes","9":"first","10":"instock","11":"virtual","12":"taxable","13":"purchasable","14":"product-type-simple"},"brands":[{"id":1993,"name":"UTX","slug":"utx"}],"_links":{"self":[{"href":"https:\/\/anabolicshop.eu\/en\/wp-json\/wp\/v2\/product\/9696","targetHints":{"allow":["GET"]}}],"collection":[{"href":"https:\/\/anabolicshop.eu\/en\/wp-json\/wp\/v2\/product"}],"about":[{"href":"https:\/\/anabolicshop.eu\/en\/wp-json\/wp\/v2\/types\/product"}],"wp:featuredmedia":[{"embeddable":true,"href":"https:\/\/anabolicshop.eu\/en\/wp-json\/wp\/v2\/media\/9723"}],"wp:attachment":[{"href":"https:\/\/anabolicshop.eu\/en\/wp-json\/wp\/v2\/media?parent=9696"}],"wp:term":[{"taxonomy":"pwb-brand","embeddable":true,"href":"https:\/\/anabolicshop.eu\/en\/wp-json\/wp\/v2\/pwb-brand?post=9696"},{"taxonomy":"product_cat","embeddable":true,"href":"https:\/\/anabolicshop.eu\/en\/wp-json\/wp\/v2\/product_cat?post=9696"},{"taxonomy":"product_tag","embeddable":true,"href":"https:\/\/anabolicshop.eu\/en\/wp-json\/wp\/v2\/product_tag?post=9696"}],"curies":[{"name":"wp","href":"https:\/\/api.w.org\/{rel}","templated":true}]}}