{"id":9568,"date":"2024-10-01T05:45:51","date_gmt":"2024-10-01T05:45:51","guid":{"rendered":"https:\/\/anabolicshop.eu\/?post_type=product&#038;p=9568"},"modified":"2026-02-13T13:30:32","modified_gmt":"2026-02-13T13:30:32","slug":"power-system-waist-shaper-novajesanas-trenaziera-josta","status":"publish","type":"product","link":"https:\/\/anabolicshop.eu\/en\/product\/power-system-waist-shaper-novajesanas-trenaziera-josta\/","title":{"rendered":"Power System Waist Shaper nov\u0101j\u0113\u0161anas trena\u017eiera josta"},"content":{"rendered":"<ul>\n<li>Firm Control Waist Shaper &#8211; POWER SYSTEM nov\u0101j\u0113\u0161anas viduk\u013ca trena\u017eiera jostas v\u0113dera joslas \u0137erme\u0146a form\u0113t\u0101js viegli ietin\u0101s ap v\u0113deru un nodro\u0161ina regul\u0113jamu stingru saspie\u0161anu ap v\u0113deru un vidukli.\u00a0Tas uzreiz dod jums smil\u0161u pulkste\u0146a l\u012bknes.<\/li>\n<li>Stimul\u0113t tauku sadedzin\u0101\u0161anu un zaud\u0113t svaru &#8211; \u0160\u012b jostasvietas trena\u017eiera josta ir konstru\u0113ta ar Flex-boning tehnolo\u0123iju, lai t\u0101 darbotos k\u0101 korsete vai jostasvieta ar regul\u0113jamu velcro aizdares jostasvietu, lai uzlabotu saspie\u0161anu ap v\u0113deru.\u00a0V\u0113dera viduk\u013ca tauku dedzin\u0101\u0161anas josta ir v\u0113rsta tie\u0161i uz j\u016bsu vidusda\u013cu, liek jums sv\u012bst fitnesa treni\u0146a laik\u0101 un stimul\u0113 \u0101tr\u0101ku v\u0113dera tauku sadedzin\u0101\u0161anu.<\/li>\n<li>\u0136erme\u0146a veidot\u0101js p\u0113c gr\u016btniec\u012bbas &#8211; lielisks ap\u0123\u0113rba gabals sieviet\u0113m, kuras v\u0113las veidot savu \u0137ermeni p\u0113c dzemd\u012bb\u0101m.\u00a0Lieliska izv\u0113le k\u0101 p\u0113cdzemd\u012bbu v\u0113dera iet\u012b\u0161ana, jo tas nodro\u0161ina stingru atbalstu j\u016bsu viduklim un izl\u012bdzina v\u0113deru ar viegli regul\u0113jamu jostasvietas joslu.\u00a0Tas efekt\u012bvi darbojas k\u0101 fajas vai cinturillas reduktors.<\/li>\n<li>V\u0113dera ie\u0161\u016b\u0161anas un muguras atbalsts &#8211; m\u016bsu lab\u0101k\u0101 jostasvietas josta ir \u013coti izstiepta pareizaj\u0101s viet\u0101s un nodro\u0161ina daudz atbalsta j\u016bsu s\u0101nos un aizmugur\u0113.\u00a0Ja jums ir muguras lejasda\u013cas probl\u0113mas, m\u016bsu viduk\u013ca trena\u017eieri, piem\u0113ram, saspie\u0161anas saistviela ap vidukli, lai pied\u0101v\u0101tu jostasvietas atbalstu, pal\u012bdz mazin\u0101t s\u0101pes un uzlabot st\u0101ju.\u00a0Samazina traumu risku;\u00a0Uzturiet musku\u013cus siltus, uzlabojiet st\u0101ju, stabiliz\u0113jiet mugurkaulu.\u00a0Sniedz atbalstu, kas pal\u012bdz nov\u0113rst hernijas disku, musku\u013cu sasprindzin\u0101jumu, muguras s\u0101pes.<\/li>\n<li>\u0112rti, regul\u0113jami un elast\u012bgi audumi &#8211; 100% no lateksa nesaturo\u0161s, elast\u012bgs neopr\u0113na audums, kas noz\u012bm\u0113, ka to ir viegli not\u012br\u012bt, tas ir piem\u0113rots j\u016bsu \u0137ermenim un tas nekairin\u0101s j\u016bsu \u0101du.\u00a0Divk\u0101r\u0161a velcro piel\u0101go\u0161ana lieluma precizit\u0101tei.\u00a0T\u012bkla pamatne elpojam\u012bbai karstas pirts vai citu fitnesa aktivit\u0101\u0161u laik\u0101.<\/li>\n<\/ul>\n<p><img fetchpriority=\"high\" decoding=\"async\" class=\"aligncenter wp-image-17496 size-full\" src=\"https:\/\/anabolicshop.eu\/wp-content\/uploads\/2021\/05\/Screenshot_11.png\" alt=\"size chart\" width=\"654\" height=\"483\" \/><\/p>","protected":false},"excerpt":{"rendered":"<p>Firm Control Waist Shaper &#8211; POWER SYSTEM nov\u0101j\u0113\u0161anas viduk\u013ca trena\u017eiera jostas v\u0113dera joslas \u0137erme\u0146a form\u0113t\u0101js viegli ietin\u0101s ap v\u0113deru un nodro\u0161ina regul\u0113jamu stingru saspie\u0161anu ap v\u0113deru un vidukli.\u00a0Tas uzreiz dod jums smil\u0161u pulkste\u0146a l\u012bknes. Stimul\u0113t tauku sadedzin\u0101\u0161anu un zaud\u0113t svaru &#8211; \u0160\u012b jostasvietas trena\u017eiera josta ir konstru\u0113ta ar Flex-boning tehnolo\u0123iju, lai t\u0101 darbotos k\u0101 korsete [&hellip;]<\/p>","protected":false},"featured_media":9585,"template":"","meta":{"inline_featured_image":false},"pwb-brand":[1984],"product_cat":[104,107,108],"product_tag":[],"class_list":{"0":"post-9568","1":"product","2":"type-product","3":"status-publish","4":"has-post-thumbnail","6":"pwb-brand-power-system","7":"product_cat-aksesuari","8":"product_cat-ekipejums","9":"product_cat-jostas","11":"first","12":"instock","13":"taxable","14":"shipping-taxable","15":"purchasable","16":"product-type-variable"},"brands":[{"id":1984,"name":"Power System","slug":"power-system"}],"_links":{"self":[{"href":"https:\/\/anabolicshop.eu\/en\/wp-json\/wp\/v2\/product\/9568","targetHints":{"allow":["GET"]}}],"collection":[{"href":"https:\/\/anabolicshop.eu\/en\/wp-json\/wp\/v2\/product"}],"about":[{"href":"https:\/\/anabolicshop.eu\/en\/wp-json\/wp\/v2\/types\/product"}],"wp:featuredmedia":[{"embeddable":true,"href":"https:\/\/anabolicshop.eu\/en\/wp-json\/wp\/v2\/media\/9585"}],"wp:attachment":[{"href":"https:\/\/anabolicshop.eu\/en\/wp-json\/wp\/v2\/media?parent=9568"}],"wp:term":[{"taxonomy":"pwb-brand","embeddable":true,"href":"https:\/\/anabolicshop.eu\/en\/wp-json\/wp\/v2\/pwb-brand?post=9568"},{"taxonomy":"product_cat","embeddable":true,"href":"https:\/\/anabolicshop.eu\/en\/wp-json\/wp\/v2\/product_cat?post=9568"},{"taxonomy":"product_tag","embeddable":true,"href":"https:\/\/anabolicshop.eu\/en\/wp-json\/wp\/v2\/product_tag?post=9568"}],"curies":[{"name":"wp","href":"https:\/\/api.w.org\/{rel}","templated":true}]}}