{"id":9402,"date":"2024-10-01T05:44:54","date_gmt":"2024-10-01T05:44:54","guid":{"rendered":"https:\/\/anabolicshop.eu\/?post_type=product&#038;p=9402"},"modified":"2025-02-10T13:33:36","modified_gmt":"2025-02-10T13:33:36","slug":"suspension-trainer-straps-set-belts-piekares-sistemas-komplekts","status":"publish","type":"product","link":"https:\/\/anabolicshop.eu\/en\/product\/suspension-trainer-straps-set-belts-piekares-sistemas-komplekts\/","title":{"rendered":"Suspension Trainer Straps Set Belts Piekares Sist\u0113mas Komplekts"},"content":{"rendered":"<p>\u0160\u0101da veida treni\u0146i k\u013c\u016bst arvien popul\u0101r\u0101ki, pateicoties tam, ka ikviens to var veikt m\u0101j\u0101s.\u00a0<em>\u012apa\u0161as lentes, kas to veido, \u013cauj vingrot, izmantojot sava \u0137erme\u0146a svaru<\/em>\u00a0.\u00a0T\u0101s ir regul\u0113jamas, t\u0101p\u0113c ir piem\u0113rotas visiem neatkar\u012bgi no auguma vai v\u0113lam\u0101s aktivit\u0101tes.<\/p>\n<p>Vingrin\u0101jumiem ar piekares sist\u0113mu komplektu ir priek\u0161roc\u012bba sal\u012bdzin\u0101jum\u0101 ar cit\u0101m ier\u012bc\u0113m, jo \u200b\u200btie \u013cauj vienm\u0113r\u012bgi att\u012bst\u012bties un vienlaikus neapgr\u016btina mugurkaulu un loc\u012btavas.\u00a0Vienlaikus darbojas daudzas musku\u013cu grupas, kas savuk\u0101rt \u013cauj stabiliz\u0113t fig\u016bru un kori\u0123\u0113t st\u0101ju.\u00a0Regul\u0101ri veicot \u0161\u0101da veida treni\u0146us,\u00a0uzlabosies j\u016bsu sp\u0113ks, l\u012bdzsvars un iztur\u012bba\u00a0.<\/p>\n<p>Piekares sist\u0113mas komplektam ir daudz priek\u0161roc\u012bbu, apr\u012bkojums ir \u0113rts un viegls, un ar to j\u016bs varat vingrot gandr\u012bz visur.\u00a0\u0160o iemeslu d\u0113\u013c treneri, sportisti un citi fitnesa entuziasti to \u013coti v\u0113las.\u00a0Tas ir ieteicams\u00a0<strong>ikvienam, neatkar\u012bgi no<\/strong>\u00a0konkr\u0113t\u0101 cilv\u0113ka\u00a0<strong>progresa l\u012bme\u0146a<\/strong>\u00a0un dod jums da\u017e\u0101das iesp\u0113jas, t\u0101p\u0113c jums neb\u016bs garlaic\u012bgi.<\/p>","protected":false},"excerpt":{"rendered":"<p>\u0160\u0101da veida treni\u0146i k\u013c\u016bst arvien popul\u0101r\u0101ki, pateicoties tam, ka ikviens to var veikt m\u0101j\u0101s.\u00a0\u012apa\u0161as lentes, kas to veido, \u013cauj vingrot, izmantojot sava \u0137erme\u0146a svaru\u00a0.\u00a0T\u0101s ir regul\u0113jamas, t\u0101p\u0113c ir piem\u0113rotas visiem neatkar\u012bgi no auguma vai v\u0113lam\u0101s aktivit\u0101tes. Vingrin\u0101jumiem ar piekares sist\u0113mu komplektu ir priek\u0161roc\u012bba sal\u012bdzin\u0101jum\u0101 ar cit\u0101m ier\u012bc\u0113m, jo \u200b\u200btie \u013cauj vienm\u0113r\u012bgi att\u012bst\u012bties un vienlaikus neapgr\u016btina [&hellip;]<\/p>","protected":false},"featured_media":9429,"template":"","meta":{"inline_featured_image":false},"pwb-brand":[1968],"product_cat":[104,107],"product_tag":[],"class_list":{"0":"post-9402","1":"product","2":"type-product","3":"status-publish","4":"has-post-thumbnail","6":"pwb-brand-lifefit","7":"product_cat-aksesuari","8":"product_cat-ekipejums","10":"first","11":"outofstock","12":"sale","13":"taxable","14":"shipping-taxable","15":"purchasable","16":"product-type-simple"},"brands":[{"id":1968,"name":"Lifefit","slug":"lifefit"}],"_links":{"self":[{"href":"https:\/\/anabolicshop.eu\/en\/wp-json\/wp\/v2\/product\/9402","targetHints":{"allow":["GET"]}}],"collection":[{"href":"https:\/\/anabolicshop.eu\/en\/wp-json\/wp\/v2\/product"}],"about":[{"href":"https:\/\/anabolicshop.eu\/en\/wp-json\/wp\/v2\/types\/product"}],"wp:featuredmedia":[{"embeddable":true,"href":"https:\/\/anabolicshop.eu\/en\/wp-json\/wp\/v2\/media\/9429"}],"wp:attachment":[{"href":"https:\/\/anabolicshop.eu\/en\/wp-json\/wp\/v2\/media?parent=9402"}],"wp:term":[{"taxonomy":"pwb-brand","embeddable":true,"href":"https:\/\/anabolicshop.eu\/en\/wp-json\/wp\/v2\/pwb-brand?post=9402"},{"taxonomy":"product_cat","embeddable":true,"href":"https:\/\/anabolicshop.eu\/en\/wp-json\/wp\/v2\/product_cat?post=9402"},{"taxonomy":"product_tag","embeddable":true,"href":"https:\/\/anabolicshop.eu\/en\/wp-json\/wp\/v2\/product_tag?post=9402"}],"curies":[{"name":"wp","href":"https:\/\/api.w.org\/{rel}","templated":true}]}}