{"id":8879,"date":"2024-10-01T05:42:02","date_gmt":"2024-10-01T05:42:02","guid":{"rendered":"https:\/\/anabolicshop.eu\/?post_type=product&#038;p=8879"},"modified":"2026-02-13T13:30:39","modified_gmt":"2026-02-13T13:30:39","slug":"power-system-yoga-mat-premium-fitnesa-paklajs","status":"publish","type":"product","link":"https:\/\/anabolicshop.eu\/en\/product\/power-system-yoga-mat-premium-fitnesa-paklajs\/","title":{"rendered":"Power System Yoga Mat Premium fitnesa pakl\u0101js"},"content":{"rendered":"<h3>Power System Yoga Mat Premium fitnesa pakl\u0101js<\/h3>\n<p>\u012apa\u0161i gar\u0161 TPE pakl\u0101js ir ide\u0101ls papildin\u0101jums jebkurai fitnesa vai jogas nodarb\u012bbai.\u00a0Nesl\u012bdo\u0161a virsma satver gr\u012bdu, lai nov\u0113rstu sl\u012bd\u0113\u0161anu un negad\u012bjumus, k\u0101 ar\u012b ir iztur\u012bga un viegli t\u012br\u0101ma.\u00a0Divpus\u0113j\u0101 tekst\u016bra dod jums br\u012bv\u012bbu piel\u0101got savu pieredzi.\u00a0Viena puse samazina sl\u012bd\u0113\u0161anu, bet otra nodro\u0161ina papildu m\u012bkstumu.\u00a0Lieliski piem\u0113rots lieto\u0161anai jogas, pila\u0161u un sp\u0113ka treni\u0146os, k\u0101 ar\u012b nodro\u0161ina \u0113rtu virsmu s\u0113d\u0113\u0161anai,\u00a0atspiedieniem un maz\u0101ka stresa pamata treni\u0146am.\u00a0\u0160o jogas pakl\u0101ju var izmantot iek\u0161telp\u0101s, \u0101rpus telp\u0101m, m\u0101j\u0101s vai studij\u0101. Viegls dizains un spilgt\u0101s kr\u0101sas pal\u012bdz\u0113s mier\u012bgai atp\u016btai, k\u0101 ar\u012b ener\u0123isk\u0101m treni\u0146u vajadz\u012bb\u0101m.<\/p>\n<p><strong>\u00a0<\/strong><\/p>\n<p><strong>PRODUKTA SPECIFIK\u0100CIJAS<\/strong><\/p>\n<p>\u2022 Divsl\u0101\u0146u\u00a0jogas pakl\u0101js<br \/>\n\u2022 Izm\u0113ri: 1830 mm x 610 mm x 6 mm<br \/>\n\u2022 Izgatavots no videi draudz\u012bga TPE (p\u0101rstr\u0101d\u0101jama sadal\u0101ma hipoaler\u0123iska materi\u0101la, kas nesatur lateksu, hlor\u012bdu, toks\u012bnus vai PVC)<br \/>\n\u2022 Biezs polster\u0113jums<br \/>\n\u2022 Nesl\u012bdo\u0161a tekst\u016bra<br \/>\n\u2022 Atgriezeniska konstrukcija<br \/>\n\u2022 Komplekt\u0101 ietilpst\u00a0mitrumiztur\u012bga,\u00a0hipoaler\u0123iska,\u00a0viegla un iztur\u012bga\u00a0plecu siksna<\/p>","protected":false},"excerpt":{"rendered":"<p>Power System Yoga Mat Premium fitnesa pakl\u0101js \u012apa\u0161i gar\u0161 TPE pakl\u0101js ir ide\u0101ls papildin\u0101jums jebkurai fitnesa vai jogas nodarb\u012bbai.\u00a0Nesl\u012bdo\u0161a virsma satver gr\u012bdu, lai nov\u0113rstu sl\u012bd\u0113\u0161anu un negad\u012bjumus, k\u0101 ar\u012b ir iztur\u012bga un viegli t\u012br\u0101ma.\u00a0Divpus\u0113j\u0101 tekst\u016bra dod jums br\u012bv\u012bbu piel\u0101got savu pieredzi.\u00a0Viena puse samazina sl\u012bd\u0113\u0161anu, bet otra nodro\u0161ina papildu m\u012bkstumu.\u00a0Lieliski piem\u0113rots lieto\u0161anai jogas, pila\u0161u un sp\u0113ka [&hellip;]<\/p>","protected":false},"featured_media":8909,"template":"","meta":{"inline_featured_image":false},"pwb-brand":[1984],"product_cat":[104,105],"product_tag":[],"class_list":{"0":"post-8879","1":"product","2":"type-product","3":"status-publish","4":"has-post-thumbnail","6":"pwb-brand-power-system","7":"product_cat-aksesuari","8":"product_cat-fitnesa-paklaji","10":"first","11":"instock","12":"taxable","13":"shipping-taxable","14":"purchasable","15":"product-type-variable"},"brands":[{"id":1984,"name":"Power System","slug":"power-system"}],"_links":{"self":[{"href":"https:\/\/anabolicshop.eu\/en\/wp-json\/wp\/v2\/product\/8879","targetHints":{"allow":["GET"]}}],"collection":[{"href":"https:\/\/anabolicshop.eu\/en\/wp-json\/wp\/v2\/product"}],"about":[{"href":"https:\/\/anabolicshop.eu\/en\/wp-json\/wp\/v2\/types\/product"}],"wp:featuredmedia":[{"embeddable":true,"href":"https:\/\/anabolicshop.eu\/en\/wp-json\/wp\/v2\/media\/8909"}],"wp:attachment":[{"href":"https:\/\/anabolicshop.eu\/en\/wp-json\/wp\/v2\/media?parent=8879"}],"wp:term":[{"taxonomy":"pwb-brand","embeddable":true,"href":"https:\/\/anabolicshop.eu\/en\/wp-json\/wp\/v2\/pwb-brand?post=8879"},{"taxonomy":"product_cat","embeddable":true,"href":"https:\/\/anabolicshop.eu\/en\/wp-json\/wp\/v2\/product_cat?post=8879"},{"taxonomy":"product_tag","embeddable":true,"href":"https:\/\/anabolicshop.eu\/en\/wp-json\/wp\/v2\/product_tag?post=8879"}],"curies":[{"name":"wp","href":"https:\/\/api.w.org\/{rel}","templated":true}]}}