{"id":8772,"date":"2024-10-01T05:41:25","date_gmt":"2024-10-01T05:41:25","guid":{"rendered":"https:\/\/anabolicshop.eu\/?post_type=product&#038;p=8772"},"modified":"2026-02-13T13:30:34","modified_gmt":"2026-02-13T13:30:34","slug":"power-system-powerlifting-belt-josta","status":"publish","type":"product","link":"https:\/\/anabolicshop.eu\/en\/product\/power-system-powerlifting-belt-josta\/","title":{"rendered":"Power System Powerlifting Belt Josta"},"content":{"rendered":"<p align=\"left\">POWERLIFTING BELT &#8211; ir josta, kas izgatavota no augstas kvalit\u0101tes dab\u012bgas, biezas, vel\u016bra \u0101das un kurai papildus ir divk\u0101r\u0161s d\u016briens, kas palielina jostas iztur\u012bbu.\u00a0\u0160\u012b\u00a0josta ir paredz\u0113ta cilv\u0113kiem, kuri tren\u0113jas iztur\u012bbas sporta veidos, piem\u0113ram, svarcel\u0161an\u0101, kult\u016brism\u0101 un crossfit\u0101.\u00a0T\u0101s uzdevums ir aizsarg\u0101t mugurkaula jostas da\u013cu treni\u0146u laik\u0101 ar br\u012bvu svaru un nov\u0113rst iesp\u0113jamus ievainojumus pie liel\u0101m p\u0101rslodz\u0113m.\u00a0\u0160\u012b josta\u00a0ir ieteicama galvenok\u0101rt tiem, kuri\u00a0tren\u0113jas ar lielu svaru un ir \u012bpa\u0161i jut\u012bgi pret ievainojumiem.<\/p>\n<p align=\"left\">SPECIFIK\u0100CIJAS:<br \/>\nMateri\u0101ls: Dab\u012bg\u0101 \u0101da<br \/>\nPlatums jostas rajon\u0101: 10 cm<\/p>\n<p align=\"left\">Jostas platums plat\u0101kaj\u0101 viet\u0101: 10 cm<\/p>\n<h3 align=\"left\">Jostas kr\u0101su tonis var at\u0161\u0137irties no att\u0113l\u0101 redzam\u0101s!<\/h3>\n<p align=\"left\"><img fetchpriority=\"high\" decoding=\"async\" class=\"aligncenter wp-image-14002 size-full\" src=\"https:\/\/anabolicshop.eu\/wp-content\/uploads\/2020\/02\/izm\u0113ri.png\" alt=\"\" width=\"409\" height=\"276\" \/><\/p>","protected":false},"excerpt":{"rendered":"<p>POWERLIFTING BELT &#8211; ir josta, kas izgatavota no augstas kvalit\u0101tes dab\u012bgas, biezas, vel\u016bra \u0101das un kurai papildus ir divk\u0101r\u0161s d\u016briens, kas palielina jostas iztur\u012bbu.\u00a0\u0160\u012b\u00a0josta ir paredz\u0113ta cilv\u0113kiem, kuri tren\u0113jas iztur\u012bbas sporta veidos, piem\u0113ram, svarcel\u0161an\u0101, kult\u016brism\u0101 un crossfit\u0101.\u00a0T\u0101s uzdevums ir aizsarg\u0101t mugurkaula jostas da\u013cu treni\u0146u laik\u0101 ar br\u012bvu svaru un nov\u0113rst iesp\u0113jamus ievainojumus pie liel\u0101m p\u0101rslodz\u0113m.\u00a0\u0160\u012b [&hellip;]<\/p>","protected":false},"featured_media":8795,"template":"","meta":{"inline_featured_image":false},"pwb-brand":[1984],"product_cat":[104,108],"product_tag":[],"class_list":{"0":"post-8772","1":"product","2":"type-product","3":"status-publish","4":"has-post-thumbnail","6":"pwb-brand-power-system","7":"product_cat-aksesuari","8":"product_cat-jostas","10":"first","11":"instock","12":"taxable","13":"shipping-taxable","14":"purchasable","15":"product-type-variable"},"brands":[{"id":1984,"name":"Power System","slug":"power-system"}],"_links":{"self":[{"href":"https:\/\/anabolicshop.eu\/en\/wp-json\/wp\/v2\/product\/8772","targetHints":{"allow":["GET"]}}],"collection":[{"href":"https:\/\/anabolicshop.eu\/en\/wp-json\/wp\/v2\/product"}],"about":[{"href":"https:\/\/anabolicshop.eu\/en\/wp-json\/wp\/v2\/types\/product"}],"wp:featuredmedia":[{"embeddable":true,"href":"https:\/\/anabolicshop.eu\/en\/wp-json\/wp\/v2\/media\/8795"}],"wp:attachment":[{"href":"https:\/\/anabolicshop.eu\/en\/wp-json\/wp\/v2\/media?parent=8772"}],"wp:term":[{"taxonomy":"pwb-brand","embeddable":true,"href":"https:\/\/anabolicshop.eu\/en\/wp-json\/wp\/v2\/pwb-brand?post=8772"},{"taxonomy":"product_cat","embeddable":true,"href":"https:\/\/anabolicshop.eu\/en\/wp-json\/wp\/v2\/product_cat?post=8772"},{"taxonomy":"product_tag","embeddable":true,"href":"https:\/\/anabolicshop.eu\/en\/wp-json\/wp\/v2\/product_tag?post=8772"}],"curies":[{"name":"wp","href":"https:\/\/api.w.org\/{rel}","templated":true}]}}