{"id":8562,"date":"2024-10-01T05:40:11","date_gmt":"2024-10-01T05:40:11","guid":{"rendered":"https:\/\/anabolicshop.eu\/?post_type=product&#038;p=8562"},"modified":"2026-02-13T13:30:38","modified_gmt":"2026-02-13T13:30:38","slug":"power-system-gym-loose-chalk-magnezijs-500-grami","status":"publish","type":"product","link":"https:\/\/anabolicshop.eu\/en\/product\/power-system-gym-loose-chalk-magnezijs-500-grami\/","title":{"rendered":"Power System Gym Loose Chalk magn\u0113zijs 500 grami"},"content":{"rendered":"<p><span class=\"a-list-item\">Power System Gym Loose Chalk &#8211; kr\u012bts kas ir piem\u0113rots klin\u0161u k\u0101p\u0161anai, svara cel\u0161anai<\/span><\/p>\n<p><span class=\"a-list-item\">Uzpildiet savu kr\u012bta bumbu, alp\u012bnistu maisu vai vingro\u0161anas spaini<\/span><\/p>\n<p><span class=\"a-list-item\">Uzlabojiet savu rokturu sa\u0137eri, saglab\u0101jiet rokas lab\u0101 st\u0101vokl\u012b un nav smar\u017eas<\/span><\/p>\n<p><span class=\"a-list-item\">Dramatiski palielina berzi un nodro\u0161ina sausu, cietu sa\u0137eri<\/span><\/p>\n<p><span class=\"a-list-item\">Nav toksisks<\/span><\/p>\n<p><span class=\"a-list-item\">Bez pigmenta<\/span><\/p>","protected":false},"excerpt":{"rendered":"<p>Power System Gym Loose Chalk &#8211; kr\u012bts kas ir piem\u0113rots klin\u0161u k\u0101p\u0161anai, svara cel\u0161anai Uzpildiet savu kr\u012bta bumbu, alp\u012bnistu maisu vai vingro\u0161anas spaini Uzlabojiet savu rokturu sa\u0137eri, saglab\u0101jiet rokas lab\u0101 st\u0101vokl\u012b un nav smar\u017eas Dramatiski palielina berzi un nodro\u0161ina sausu, cietu sa\u0137eri Nav toksisks Bez pigmenta<\/p>","protected":false},"featured_media":8589,"template":"","meta":{"inline_featured_image":false},"pwb-brand":[1984],"product_cat":[104,107],"product_tag":[],"class_list":{"0":"post-8562","1":"product","2":"type-product","3":"status-publish","4":"has-post-thumbnail","6":"pwb-brand-power-system","7":"product_cat-aksesuari","8":"product_cat-ekipejums","10":"first","11":"instock","12":"taxable","13":"shipping-taxable","14":"purchasable","15":"product-type-simple"},"brands":[{"id":1984,"name":"Power System","slug":"power-system"}],"_links":{"self":[{"href":"https:\/\/anabolicshop.eu\/en\/wp-json\/wp\/v2\/product\/8562","targetHints":{"allow":["GET"]}}],"collection":[{"href":"https:\/\/anabolicshop.eu\/en\/wp-json\/wp\/v2\/product"}],"about":[{"href":"https:\/\/anabolicshop.eu\/en\/wp-json\/wp\/v2\/types\/product"}],"wp:featuredmedia":[{"embeddable":true,"href":"https:\/\/anabolicshop.eu\/en\/wp-json\/wp\/v2\/media\/8589"}],"wp:attachment":[{"href":"https:\/\/anabolicshop.eu\/en\/wp-json\/wp\/v2\/media?parent=8562"}],"wp:term":[{"taxonomy":"pwb-brand","embeddable":true,"href":"https:\/\/anabolicshop.eu\/en\/wp-json\/wp\/v2\/pwb-brand?post=8562"},{"taxonomy":"product_cat","embeddable":true,"href":"https:\/\/anabolicshop.eu\/en\/wp-json\/wp\/v2\/product_cat?post=8562"},{"taxonomy":"product_tag","embeddable":true,"href":"https:\/\/anabolicshop.eu\/en\/wp-json\/wp\/v2\/product_tag?post=8562"}],"curies":[{"name":"wp","href":"https:\/\/api.w.org\/{rel}","templated":true}]}}