{"id":11656,"date":"2024-10-01T05:59:27","date_gmt":"2024-10-01T05:59:27","guid":{"rendered":"https:\/\/anabolicshop.eu\/?post_type=product&#038;p=11656"},"modified":"2026-02-13T13:29:02","modified_gmt":"2026-02-13T13:29:02","slug":"applied-abe-jug-matt-2-5l-black-udens-pudele","status":"publish","type":"product","link":"https:\/\/anabolicshop.eu\/en\/product\/applied-abe-jug-matt-2-5l-black-udens-pudele\/","title":{"rendered":"Applied ABE Jug Matt 2.5l Black \u016adens Pudele"},"content":{"rendered":"<p>Nodro\u0161iniet optim\u0101lu hidrat\u0101ciju visas dienas garum\u0101 ar ABE 2,5 litru \u016bdens pudeli.\u00a0Hidrat\u0101cijai ir galven\u0101 loma optim\u0101l\u0101 veiktsp\u0113j\u0101, t\u0101p\u0113c tas ir ide\u0101ls un \u0113rts veids, k\u0101 nodro\u0161in\u0101t \u016bdens vajadz\u012bbu apmierin\u0101\u0161anu. Pudele\u00a0ir viegla un daudzpus\u012bga, t\u0101p\u0113c varat to tur\u0113t l\u012bdzi dienas laik\u0101, ce\u013cojumos, biroj\u0101 vai tren\u0113joties sporta z\u0101l\u0113.<\/p>\n<p>Pudelei ir skr\u016bv\u0113jams plastmasas v\u0101ci\u0146\u0161 ar plastmasas iek\u0161\u0113jo v\u012btni, lai nov\u0113rstu nopl\u016bdi, un atsevi\u0161\u0137a piek\u013cuves cilne dzer\u0161anai, nov\u0113r\u0161ot ne\u0113rt\u012bbas, kas rodas, ja nepiecie\u0161ams no\u0146emt v\u0101ci\u0146u, lai uz\u0146emtu \u0161\u0137idrumu, t\u0101d\u0113j\u0101di nov\u0113r\u0161ot v\u0101ci\u0146a pazaud\u0113\u0161anu. S\u0101nos ir plastmasas rokturis, ko tur\u0113t dzer\u0161anas laik\u0101, un lielais sn\u012bpis noz\u012bm\u0113, ka to var \u0101tri un viegli dzert.<\/p>\n<p>Pudel\u0113 izmantot\u0101 plastmasa Nesatur PETG\/BPA.\u00a0Tai ir iztur\u012bgs un elast\u012bgs dizains.<\/p>\n<p>\u0145emiet v\u0113r\u0101, ka pudele nav piem\u0113rota karstiem \u0161\u0137idrumiem.<\/p>","protected":false},"excerpt":{"rendered":"<p>Nodro\u0161iniet optim\u0101lu hidrat\u0101ciju visas dienas garum\u0101 ar ABE 2,5 litru \u016bdens pudeli.\u00a0Hidrat\u0101cijai ir galven\u0101 loma optim\u0101l\u0101 veiktsp\u0113j\u0101, t\u0101p\u0113c tas ir ide\u0101ls un \u0113rts veids, k\u0101 nodro\u0161in\u0101t \u016bdens vajadz\u012bbu apmierin\u0101\u0161anu. Pudele\u00a0ir viegla un daudzpus\u012bga, t\u0101p\u0113c varat to tur\u0113t l\u012bdzi dienas laik\u0101, ce\u013cojumos, biroj\u0101 vai tren\u0113joties sporta z\u0101l\u0113. Pudelei ir skr\u016bv\u0113jams plastmasas v\u0101ci\u0146\u0161 ar plastmasas iek\u0161\u0113jo v\u012btni, [&hellip;]<\/p>","protected":false},"featured_media":11667,"template":"","meta":{"inline_featured_image":false},"pwb-brand":[1953],"product_cat":[104,114],"product_tag":[],"class_list":{"0":"post-11656","1":"product","2":"type-product","3":"status-publish","4":"has-post-thumbnail","6":"pwb-brand-applied-nutrition","7":"product_cat-aksesuari","8":"product_cat-seikeri","10":"first","11":"outofstock","12":"taxable","13":"shipping-taxable","14":"purchasable","15":"product-type-simple"},"brands":[{"id":1953,"name":"Applied Nutrition","slug":"applied-nutrition"}],"_links":{"self":[{"href":"https:\/\/anabolicshop.eu\/en\/wp-json\/wp\/v2\/product\/11656","targetHints":{"allow":["GET"]}}],"collection":[{"href":"https:\/\/anabolicshop.eu\/en\/wp-json\/wp\/v2\/product"}],"about":[{"href":"https:\/\/anabolicshop.eu\/en\/wp-json\/wp\/v2\/types\/product"}],"wp:featuredmedia":[{"embeddable":true,"href":"https:\/\/anabolicshop.eu\/en\/wp-json\/wp\/v2\/media\/11667"}],"wp:attachment":[{"href":"https:\/\/anabolicshop.eu\/en\/wp-json\/wp\/v2\/media?parent=11656"}],"wp:term":[{"taxonomy":"pwb-brand","embeddable":true,"href":"https:\/\/anabolicshop.eu\/en\/wp-json\/wp\/v2\/pwb-brand?post=11656"},{"taxonomy":"product_cat","embeddable":true,"href":"https:\/\/anabolicshop.eu\/en\/wp-json\/wp\/v2\/product_cat?post=11656"},{"taxonomy":"product_tag","embeddable":true,"href":"https:\/\/anabolicshop.eu\/en\/wp-json\/wp\/v2\/product_tag?post=11656"}],"curies":[{"name":"wp","href":"https:\/\/api.w.org\/{rel}","templated":true}]}}