{"id":11421,"date":"2024-10-01T05:58:10","date_gmt":"2024-10-01T05:58:10","guid":{"rendered":"https:\/\/anabolicshop.eu\/?post_type=product&#038;p=11421"},"modified":"2026-02-13T13:30:41","modified_gmt":"2026-02-13T13:30:41","slug":"power-system-push-up-bars-plus-atspiesanas-rokturi","status":"publish","type":"product","link":"https:\/\/anabolicshop.eu\/en\/product\/power-system-push-up-bars-plus-atspiesanas-rokturi\/","title":{"rendered":"Power System Push Up Bars Plus Atspie\u0161an\u0101s rokturi"},"content":{"rendered":"<p><strong>POWER SYSTEM POWER PUSH UP STANDS<\/strong>\u00a0ir izgatavoti no \u012bpa\u0161i iztur\u012bga hroma t\u0113rauda.\u00a0\u013bauj saglab\u0101t taisnas plaukstas l\u012bdz \u0161im maz\u0101k noslogot plaukstas un loc\u012btavas, kas noz\u012bm\u0113, ka varat vair\u0101k pozicion\u0113t roku un nes\u0101p\u0113s plaukstas \u2013 t\u0101d\u0113j\u0101di varat veikt vair\u0101k un lab\u0101k atspie\u0161anos.<\/p>\n<p>VIEGLI LIETOJAMI \u2013 p\u0101rn\u0113s\u0101jams, viegls fitnesa apr\u012bkojums, kas ir lieliski piem\u0113rots atspie\u0161an\u0101s m\u0101j\u0101s, sporta z\u0101l\u0113, biroj\u0101 vai ce\u013cojum\u0101.\u00a0Ievietojiet tos sav\u0101 som\u0101, un viss ir gatavs<\/p>\n<p>\u0112RTI &#8211; putuplasta roku palikt\u0146i, stabili un nesl\u012bdo\u0161i.<\/p>\n<p>Lieliski piem\u0113rots iegremd\u0113\u0161anai, atspie\u0161an\u0101s, L-s\u0113du, stiep\u0161an\u0101s un daudzu citu \u0137erme\u0146a svara sp\u0113ka treni\u0146u veik\u0161anai.\u00a0Izmantojot push up stie\u0146us, var efekt\u012bvi tren\u0113t \u0137erme\u0146a aug\u0161da\u013cu.\u00a0Turot push up rokturus da\u017e\u0101dos le\u0146\u0137os, varat veikt \u0137erme\u0146a aug\u0161da\u013cas vingrin\u0101jumus, kas \u013cauj viegli un efekt\u012bvi tren\u0113t musku\u013cus.<\/p>\n<p>Katr\u0101 iepakojum\u0101 ir iek\u013cauts P\u0100RIS push up stie\u0146u.<\/p>","protected":false},"excerpt":{"rendered":"<p>POWER SYSTEM POWER PUSH UP STANDS\u00a0ir izgatavoti no \u012bpa\u0161i iztur\u012bga hroma t\u0113rauda.\u00a0\u013bauj saglab\u0101t taisnas plaukstas l\u012bdz \u0161im maz\u0101k noslogot plaukstas un loc\u012btavas, kas noz\u012bm\u0113, ka varat vair\u0101k pozicion\u0113t roku un nes\u0101p\u0113s plaukstas \u2013 t\u0101d\u0113j\u0101di varat veikt vair\u0101k un lab\u0101k atspie\u0161anos. VIEGLI LIETOJAMI \u2013 p\u0101rn\u0113s\u0101jams, viegls fitnesa apr\u012bkojums, kas ir lieliski piem\u0113rots atspie\u0161an\u0101s m\u0101j\u0101s, sporta z\u0101l\u0113, [&hellip;]<\/p>","protected":false},"featured_media":11449,"template":"","meta":{"inline_featured_image":false},"pwb-brand":[1984],"product_cat":[104,107],"product_tag":[],"class_list":{"0":"post-11421","1":"product","2":"type-product","3":"status-publish","4":"has-post-thumbnail","6":"pwb-brand-power-system","7":"product_cat-aksesuari","8":"product_cat-ekipejums","10":"first","11":"instock","12":"taxable","13":"shipping-taxable","14":"purchasable","15":"product-type-simple"},"brands":[{"id":1984,"name":"Power System","slug":"power-system"}],"_links":{"self":[{"href":"https:\/\/anabolicshop.eu\/en\/wp-json\/wp\/v2\/product\/11421","targetHints":{"allow":["GET"]}}],"collection":[{"href":"https:\/\/anabolicshop.eu\/en\/wp-json\/wp\/v2\/product"}],"about":[{"href":"https:\/\/anabolicshop.eu\/en\/wp-json\/wp\/v2\/types\/product"}],"wp:featuredmedia":[{"embeddable":true,"href":"https:\/\/anabolicshop.eu\/en\/wp-json\/wp\/v2\/media\/11449"}],"wp:attachment":[{"href":"https:\/\/anabolicshop.eu\/en\/wp-json\/wp\/v2\/media?parent=11421"}],"wp:term":[{"taxonomy":"pwb-brand","embeddable":true,"href":"https:\/\/anabolicshop.eu\/en\/wp-json\/wp\/v2\/pwb-brand?post=11421"},{"taxonomy":"product_cat","embeddable":true,"href":"https:\/\/anabolicshop.eu\/en\/wp-json\/wp\/v2\/product_cat?post=11421"},{"taxonomy":"product_tag","embeddable":true,"href":"https:\/\/anabolicshop.eu\/en\/wp-json\/wp\/v2\/product_tag?post=11421"}],"curies":[{"name":"wp","href":"https:\/\/api.w.org\/{rel}","templated":true}]}}