{"id":10842,"date":"2024-10-01T05:54:23","date_gmt":"2024-10-01T05:54:23","guid":{"rendered":"https:\/\/anabolicshop.eu\/?post_type=product&#038;p=10842"},"modified":"2026-02-13T13:30:52","modified_gmt":"2026-02-13T13:30:52","slug":"scitec-shaker-700-ml-mad-red-seikeris","status":"publish","type":"product","link":"https:\/\/anabolicshop.eu\/en\/product\/scitec-shaker-700-ml-mad-red-seikeris\/","title":{"rendered":"Scitec Shaker 700 ml MAD Red \u0160eikeris"},"content":{"rendered":"<p>\u0100tri un vienk\u0101r\u0161i pagatavo gardus mais\u012bjumus, koktei\u013cus, dz\u0113rienus un daudz ko citu!<br \/>\nVienk\u0101r\u0161i pievienojiet \u0161eikera pudelei prote\u012bna pulveri un pienu, \u016bdeni vai aug\u013cu sulu un sakratiet!<br \/>\nNav nepiecie\u0161ami blenderi!<br \/>\nIde\u0101ls sabiedrotais ce\u013cojumos, m\u0101j\u0101s, biroj\u0101, skol\u0101, sporta z\u0101l\u0113 vai pat automa\u0161\u012bn\u0101!<br \/>\n700 ml kr\u016bz\u012bte un v\u0101ci\u0146\u0161 tika izstr\u0101d\u0101ti t\u0101, lai tas b\u016btu cie\u0161i, cie\u0161i piegu\u013co\u0161s un bez nopl\u016bdes ikreiz, kad uzliekat v\u0101ku!<br \/>\nP\u0113c \u0161eika izdzer\u0161anas p\u0113c iesp\u0113jas \u0101tr\u0101k nomazg\u0101jiet \u0161eikeri!<\/p>","protected":false},"excerpt":{"rendered":"<p>\u0100tri un vienk\u0101r\u0161i pagatavo gardus mais\u012bjumus, koktei\u013cus, dz\u0113rienus un daudz ko citu! Vienk\u0101r\u0161i pievienojiet \u0161eikera pudelei prote\u012bna pulveri un pienu, \u016bdeni vai aug\u013cu sulu un sakratiet! Nav nepiecie\u0161ami blenderi! Ide\u0101ls sabiedrotais ce\u013cojumos, m\u0101j\u0101s, biroj\u0101, skol\u0101, sporta z\u0101l\u0113 vai pat automa\u0161\u012bn\u0101! 700 ml kr\u016bz\u012bte un v\u0101ci\u0146\u0161 tika izstr\u0101d\u0101ti t\u0101, lai tas b\u016btu cie\u0161i, cie\u0161i piegu\u013co\u0161s un [&hellip;]<\/p>","protected":false},"featured_media":10863,"template":"","meta":{"inline_featured_image":false},"pwb-brand":[1985],"product_cat":[104,114],"product_tag":[],"class_list":{"0":"post-10842","1":"product","2":"type-product","3":"status-publish","4":"has-post-thumbnail","6":"pwb-brand-scitec-nutrition","7":"product_cat-aksesuari","8":"product_cat-seikeri","10":"first","11":"outofstock","12":"taxable","13":"shipping-taxable","14":"purchasable","15":"product-type-simple"},"brands":[{"id":1985,"name":"Scitec Nutrition","slug":"scitec-nutrition"}],"_links":{"self":[{"href":"https:\/\/anabolicshop.eu\/en\/wp-json\/wp\/v2\/product\/10842","targetHints":{"allow":["GET"]}}],"collection":[{"href":"https:\/\/anabolicshop.eu\/en\/wp-json\/wp\/v2\/product"}],"about":[{"href":"https:\/\/anabolicshop.eu\/en\/wp-json\/wp\/v2\/types\/product"}],"wp:featuredmedia":[{"embeddable":true,"href":"https:\/\/anabolicshop.eu\/en\/wp-json\/wp\/v2\/media\/10863"}],"wp:attachment":[{"href":"https:\/\/anabolicshop.eu\/en\/wp-json\/wp\/v2\/media?parent=10842"}],"wp:term":[{"taxonomy":"pwb-brand","embeddable":true,"href":"https:\/\/anabolicshop.eu\/en\/wp-json\/wp\/v2\/pwb-brand?post=10842"},{"taxonomy":"product_cat","embeddable":true,"href":"https:\/\/anabolicshop.eu\/en\/wp-json\/wp\/v2\/product_cat?post=10842"},{"taxonomy":"product_tag","embeddable":true,"href":"https:\/\/anabolicshop.eu\/en\/wp-json\/wp\/v2\/product_tag?post=10842"}],"curies":[{"name":"wp","href":"https:\/\/api.w.org\/{rel}","templated":true}]}}