{"id":10802,"date":"2024-10-01T05:54:05","date_gmt":"2024-10-01T05:54:05","guid":{"rendered":"https:\/\/anabolicshop.eu\/?post_type=product&#038;p=10802"},"modified":"2026-02-13T13:30:37","modified_gmt":"2026-02-13T13:30:37","slug":"power-system-multilevel-resistance-band-pretestibas-josta","status":"publish","type":"product","link":"https:\/\/anabolicshop.eu\/en\/product\/power-system-multilevel-resistance-band-pretestibas-josta\/","title":{"rendered":"Power System Multilevel Resistance Band Pretest\u012bbas Josta"},"content":{"rendered":"<p>POWER SYSTEM MULTILEVEL Elastic Band ir ilgsto\u0161a pretest\u012bbas josla ar da\u017e\u0101du pretest\u012bbu.\u00a0\u0160o elast\u012bgo pretest\u012bbas jostu var izmantot musku\u013cu toniz\u0113\u0161anai, st\u0101jas korekcijai, svara zaud\u0113\u0161anai, vingro\u0161anai, rehabilit\u0101cijai un t\u0101d\u0101m popul\u0101r\u0101m aktivit\u0101t\u0113m k\u0101 joga un pilates.<\/p>\n<p>POWER SYSTEM MULTILEVEL elast\u012bgajai lentei ir daudz priek\u0161roc\u012bbu sal\u012bdzin\u0101jum\u0101 ar standarta lateksa pretest\u012bbas joslu:<\/p>\n<ul>\n<li>Nek\u0101du pl\u012bsumu<\/li>\n<li>Viegli piestiprin\u0101ms pie \u0101\u0137iem un stabiem, izmantojot cilpas<\/li>\n<li>Nav nepiecie\u0161ams apt\u012bties ap ekstremit\u0101t\u0113m<\/li>\n<li>Nav lateksa smar\u017eas<\/li>\n<li>Tie nel\u012bp kop\u0101 p\u0113c ilgsto\u0161iem periodiem, piem\u0113ram, latekss<\/li>\n<li>Iztur\u012bg\u0101ks un ilgsto\u0161\u0101ks<\/li>\n<li>Var mazg\u0101t ve\u013casma\u0161\u012bn\u0101<\/li>\n<\/ul>\n<p>Pretest\u012bbas jostas izm\u0113ri: 92 x 4 cm<\/p>\n<p>Stinguma pak\u0101pe l\u012bdz 15 kg.<\/p>","protected":false},"excerpt":{"rendered":"<p>POWER SYSTEM MULTILEVEL Elastic Band ir ilgsto\u0161a pretest\u012bbas josla ar da\u017e\u0101du pretest\u012bbu.\u00a0\u0160o elast\u012bgo pretest\u012bbas jostu var izmantot musku\u013cu toniz\u0113\u0161anai, st\u0101jas korekcijai, svara zaud\u0113\u0161anai, vingro\u0161anai, rehabilit\u0101cijai un t\u0101d\u0101m popul\u0101r\u0101m aktivit\u0101t\u0113m k\u0101 joga un pilates. POWER SYSTEM MULTILEVEL elast\u012bgajai lentei ir daudz priek\u0161roc\u012bbu sal\u012bdzin\u0101jum\u0101 ar standarta lateksa pretest\u012bbas joslu: Nek\u0101du pl\u012bsumu Viegli piestiprin\u0101ms pie \u0101\u0137iem un stabiem, [&hellip;]<\/p>","protected":false},"featured_media":10825,"template":"","meta":{"inline_featured_image":false},"pwb-brand":[1984],"product_cat":[104,112],"product_tag":[],"class_list":{"0":"post-10802","1":"product","2":"type-product","3":"status-publish","4":"has-post-thumbnail","6":"pwb-brand-power-system","7":"product_cat-aksesuari","8":"product_cat-pretestibas-gumijas","10":"first","11":"instock","12":"taxable","13":"shipping-taxable","14":"purchasable","15":"product-type-simple"},"brands":[{"id":1984,"name":"Power System","slug":"power-system"}],"_links":{"self":[{"href":"https:\/\/anabolicshop.eu\/en\/wp-json\/wp\/v2\/product\/10802","targetHints":{"allow":["GET"]}}],"collection":[{"href":"https:\/\/anabolicshop.eu\/en\/wp-json\/wp\/v2\/product"}],"about":[{"href":"https:\/\/anabolicshop.eu\/en\/wp-json\/wp\/v2\/types\/product"}],"wp:featuredmedia":[{"embeddable":true,"href":"https:\/\/anabolicshop.eu\/en\/wp-json\/wp\/v2\/media\/10825"}],"wp:attachment":[{"href":"https:\/\/anabolicshop.eu\/en\/wp-json\/wp\/v2\/media?parent=10802"}],"wp:term":[{"taxonomy":"pwb-brand","embeddable":true,"href":"https:\/\/anabolicshop.eu\/en\/wp-json\/wp\/v2\/pwb-brand?post=10802"},{"taxonomy":"product_cat","embeddable":true,"href":"https:\/\/anabolicshop.eu\/en\/wp-json\/wp\/v2\/product_cat?post=10802"},{"taxonomy":"product_tag","embeddable":true,"href":"https:\/\/anabolicshop.eu\/en\/wp-json\/wp\/v2\/product_tag?post=10802"}],"curies":[{"name":"wp","href":"https:\/\/api.w.org\/{rel}","templated":true}]}}