{"id":10267,"date":"2024-10-01T05:50:09","date_gmt":"2024-10-01T05:50:09","guid":{"rendered":"https:\/\/anabolicshop.eu\/?post_type=product&#038;p=10267"},"modified":"2026-02-13T13:30:23","modified_gmt":"2026-02-13T13:30:23","slug":"ostrovit-push-up-board-atspiesanas-pamatne","status":"publish","type":"product","link":"https:\/\/anabolicshop.eu\/en\/product\/ostrovit-push-up-board-atspiesanas-pamatne\/","title":{"rendered":"OstroVit Push up board Atspie\u0161an\u0101s pamatne"},"content":{"rendered":"<p class=\"cm__text --bold\">OstroVit Push-Up Board ir daudzfunkcion\u0101la ier\u012bce kr\u016b\u0161u, v\u0113dera, roku un muguras musku\u013cu nostiprin\u0101\u0161anai.\u00a0T\u0101 k\u0101 rokturus ir iesp\u0113jams konfigur\u0113t daudzos veidos, j\u016bs varat da\u017e\u0101dot savu treni\u0146u, pamatojoties uz vienu apr\u012bkojumu.\u00a0Tas \u013cauj veikt atspie\u0161anos un citus vingrin\u0101jumus augst\u0101k\u0101 l\u012bmen\u012b.\u00a0Tas ir lieliski piem\u0113rots gan ies\u0101c\u0113jiem, gan pieredz\u0113ju\u0161iem sportistiem.<\/p>\n<p class=\"cm__text\">D\u0113lis ir izgatavots no ABS auduma, lai tas paliktu viegls un iztur\u012bgs.\u00a0T\u0101 k\u0101 tas ir salok\u0101ms, to var viegli saloc\u012bt un n\u0113s\u0101t.\u00a0Saloc\u012bt\u0101 veid\u0101 var ietilpt mugursom\u0101, lai j\u016bs var\u0113tu veikt treni\u0146u m\u0101j\u0101s, sporta z\u0101l\u0113 vai \u0101r\u0101.<\/p>\n<p class=\"cm__text\"><strong>Komplekta saturs:<\/strong><\/p>\n<ul class=\"cm__list\">\n<li>saliekams d\u0113lis ar kr\u0101sain\u0101m z\u012bm\u0113m,<\/li>\n<li>divi pretsl\u012bdes rokturi<\/li>\n<\/ul>\n<p class=\"cm__heading\"><strong>Treni\u0146\u0161 da\u017e\u0101diem musku\u013ciem:<\/strong><\/p>\n<p class=\"cm__text\">Pateicoties kr\u0101sain\u0101m z\u012bm\u0113m uz d\u0113\u013ca un rokturiem atbilsto\u0161ajos caurumos, j\u016bs varat izveidot \u012bpa\u0161u izk\u0101rtojumu, kas ietekm\u0113 konkr\u0113tus musku\u013cus:<\/p>\n<ul class=\"cm__list\">\n<li>sarkans &#8211; kr\u016btis<\/li>\n<li>za\u013c\u0161 &#8211; mugura<\/li>\n<li>zils &#8211; rokas<\/li>\n<li>dzeltens &#8211; plaukstas<\/li>\n<\/ul>\n<p class=\"cm__text\"><strong>Izm\u0113ri:<\/strong><\/p>\n<ul class=\"cm__list\">\n<li>Saloc\u012bts d\u0113lis &#8211; 32 x 20 x 4 cm<\/li>\n<li>D\u0113lis ir atloc\u012bts &#8211; 64 x 20 x 2 cm<\/li>\n<li>Rokturi &#8211; 18 x 9 cm<\/li>\n<\/ul>","protected":false},"excerpt":{"rendered":"<p>OstroVit Push-Up Board ir daudzfunkcion\u0101la ier\u012bce kr\u016b\u0161u, v\u0113dera, roku un muguras musku\u013cu nostiprin\u0101\u0161anai.\u00a0T\u0101 k\u0101 rokturus ir iesp\u0113jams konfigur\u0113t daudzos veidos, j\u016bs varat da\u017e\u0101dot savu treni\u0146u, pamatojoties uz vienu apr\u012bkojumu.\u00a0Tas \u013cauj veikt atspie\u0161anos un citus vingrin\u0101jumus augst\u0101k\u0101 l\u012bmen\u012b.\u00a0Tas ir lieliski piem\u0113rots gan ies\u0101c\u0113jiem, gan pieredz\u0113ju\u0161iem sportistiem. D\u0113lis ir izgatavots no ABS auduma, lai tas paliktu viegls [&hellip;]<\/p>","protected":false},"featured_media":10294,"template":"","meta":{"inline_featured_image":false},"pwb-brand":[1982],"product_cat":[104,107],"product_tag":[],"class_list":{"0":"post-10267","1":"product","2":"type-product","3":"status-publish","4":"has-post-thumbnail","6":"pwb-brand-ostrovit","7":"product_cat-aksesuari","8":"product_cat-ekipejums","10":"first","11":"outofstock","12":"taxable","13":"shipping-taxable","14":"purchasable","15":"product-type-simple"},"brands":[{"id":1982,"name":"OstroVit","slug":"ostrovit"}],"_links":{"self":[{"href":"https:\/\/anabolicshop.eu\/en\/wp-json\/wp\/v2\/product\/10267","targetHints":{"allow":["GET"]}}],"collection":[{"href":"https:\/\/anabolicshop.eu\/en\/wp-json\/wp\/v2\/product"}],"about":[{"href":"https:\/\/anabolicshop.eu\/en\/wp-json\/wp\/v2\/types\/product"}],"wp:featuredmedia":[{"embeddable":true,"href":"https:\/\/anabolicshop.eu\/en\/wp-json\/wp\/v2\/media\/10294"}],"wp:attachment":[{"href":"https:\/\/anabolicshop.eu\/en\/wp-json\/wp\/v2\/media?parent=10267"}],"wp:term":[{"taxonomy":"pwb-brand","embeddable":true,"href":"https:\/\/anabolicshop.eu\/en\/wp-json\/wp\/v2\/pwb-brand?post=10267"},{"taxonomy":"product_cat","embeddable":true,"href":"https:\/\/anabolicshop.eu\/en\/wp-json\/wp\/v2\/product_cat?post=10267"},{"taxonomy":"product_tag","embeddable":true,"href":"https:\/\/anabolicshop.eu\/en\/wp-json\/wp\/v2\/product_tag?post=10267"}],"curies":[{"name":"wp","href":"https:\/\/api.w.org\/{rel}","templated":true}]}}